{"id":747,"date":"2020-11-19T19:51:07","date_gmt":"2020-11-19T17:51:07","guid":{"rendered":"https:\/\/merceriaesther.com\/?page_id=747"},"modified":"2023-08-01T12:33:40","modified_gmt":"2023-08-01T10:33:40","slug":"telas","status":"publish","type":"page","link":"https:\/\/merceriaesther.com\/index.php\/telas\/","title":{"rendered":"TELAS"},"content":{"rendered":"<p>[et_pb_section fb_built=\u00bb1&#8243; _builder_version=\u00bb4.16&#8243; _module_preset=\u00bbdefault\u00bb background_color=\u00bb#ff87b7&#8243; custom_padding=\u00bb0px||3px|||\u00bb locked=\u00bboff\u00bb global_colors_info=\u00bb{}\u00bb][et_pb_row _builder_version=\u00bb4.16&#8243; _module_preset=\u00bbdefault\u00bb custom_padding=\u00bb||18px|||\u00bb global_colors_info=\u00bb{}\u00bb][et_pb_column type=\u00bb4_4&#8243; _builder_version=\u00bb4.16&#8243; _module_preset=\u00bbdefault\u00bb global_colors_info=\u00bb{}\u00bb][et_pb_text _builder_version=\u00bb4.21.0&#8243; header_font=\u00bb||||||||\u00bb header_text_color=\u00bb#ffffff\u00bb background_enable_color=\u00bboff\u00bb custom_margin=\u00bb1px||-4px|||\u00bb locked=\u00bboff\u00bb global_colors_info=\u00bb{}\u00bb]<\/p>\n<h1 style=\"text-align: center;\"><strong>TELAS<\/strong><\/h1>\n<p>[\/et_pb_text][\/et_pb_column][\/et_pb_row][\/et_pb_section][et_pb_section fb_built=\u00bb1&#8243; _builder_version=\u00bb4.21.0&#8243; _module_preset=\u00bbdefault\u00bb background_enable_color=\u00bboff\u00bb custom_padding=\u00bb0px||3px|||\u00bb locked=\u00bboff\u00bb global_colors_info=\u00bb{}\u00bb][et_pb_row _builder_version=\u00bb4.16&#8243; _module_preset=\u00bbdefault\u00bb locked=\u00bboff\u00bb global_colors_info=\u00bb{}\u00bb][et_pb_column type=\u00bb4_4&#8243; _builder_version=\u00bb4.16&#8243; _module_preset=\u00bbdefault\u00bb global_colors_info=\u00bb{}\u00bb][et_pb_divider show_divider=\u00bboff\u00bb _builder_version=\u00bb4.16&#8243; _module_preset=\u00bbdefault\u00bb global_colors_info=\u00bb{}\u00bb][\/et_pb_divider][et_pb_text _builder_version=\u00bb4.21.0&#8243; _module_preset=\u00bbdefault\u00bb text_font=\u00bb|700|||||||\u00bb text_font_size=\u00bb18px\u00bb custom_margin=\u00bb||-2px|||\u00bb global_colors_info=\u00bb{}\u00bb]<\/p>\n<p><strong>Telas Algod\u00f3n<\/strong><\/p>\n<p>[\/et_pb_text][et_pb_shop type=\u00bbproduct_category\u00bb show_pagination=\u00bbon\u00bb include_categories=\u00bb56,current\u00bb columns_number=\u00bb4&#8243; orderby=\u00bbdate-desc\u00bb _builder_version=\u00bb4.21.0&#8243; _module_preset=\u00bbdefault\u00bb title_font=\u00bb|700|||||||\u00bb price_font=\u00bb|700|||||||\u00bb price_font_size=\u00bb16px\u00bb custom_margin=\u00bb||-1px|||\u00bb hover_enabled=\u00bb0&#8243; global_colors_info=\u00bb{}\u00bb sticky_enabled=\u00bb0&#8243;][\/et_pb_shop][et_pb_text _builder_version=\u00bb4.21.0&#8243; _module_preset=\u00bbdefault\u00bb text_font=\u00bb|700|||||||\u00bb text_font_size=\u00bb18px\u00bb custom_margin=\u00bb||-2px|||\u00bb global_colors_info=\u00bb{}\u00bb]<\/p>\n<p><strong>Telas Algod\u00f3n Estampadas<\/strong><\/p>\n<p>[\/et_pb_text][et_pb_shop type=\u00bbproduct_category\u00bb show_pagination=\u00bbon\u00bb include_categories=\u00bb59&#8243; columns_number=\u00bb4&#8243; orderby=\u00bbdate\u00bb _builder_version=\u00bb4.21.0&#8243; _module_preset=\u00bbdefault\u00bb title_font=\u00bb|700|||||||\u00bb price_font=\u00bb|700|||||||\u00bb price_font_size=\u00bb16px\u00bb custom_margin=\u00bb||-1px|||\u00bb global_colors_info=\u00bb{}\u00bb][\/et_pb_shop][et_pb_text _builder_version=\u00bb4.21.0&#8243; _module_preset=\u00bbdefault\u00bb text_font=\u00bb|700|||||||\u00bb text_font_size=\u00bb18px\u00bb custom_margin=\u00bb||-2px|||\u00bb global_colors_info=\u00bb{}\u00bb]<\/p>\n<p><strong>Telas Algod\u00f3n Lisas<\/strong><\/p>\n<p>[\/et_pb_text][et_pb_shop type=\u00bbproduct_category\u00bb show_pagination=\u00bbon\u00bb include_categories=\u00bb57&#8243; columns_number=\u00bb4&#8243; orderby=\u00bbdate\u00bb _builder_version=\u00bb4.21.0&#8243; _module_preset=\u00bbdefault\u00bb title_font=\u00bb|700|||||||\u00bb price_font=\u00bb|700|||||||\u00bb price_font_size=\u00bb16px\u00bb custom_margin=\u00bb||-1px|||\u00bb global_colors_info=\u00bb{}\u00bb][\/et_pb_shop][et_pb_text _builder_version=\u00bb4.21.0&#8243; _module_preset=\u00bbdefault\u00bb text_font=\u00bb|700|||||||\u00bb text_font_size=\u00bb18px\u00bb custom_margin=\u00bb||-2px|||\u00bb global_colors_info=\u00bb{}\u00bb]<\/p>\n<p><strong>Telas Algod\u00f3n Marmoladas<\/strong><\/p>\n<p>[\/et_pb_text][et_pb_shop type=\u00bbproduct_category\u00bb show_pagination=\u00bbon\u00bb include_categories=\u00bb58&#8243; columns_number=\u00bb4&#8243; orderby=\u00bbdate\u00bb _builder_version=\u00bb4.21.0&#8243; _module_preset=\u00bbdefault\u00bb title_font=\u00bb|700|||||||\u00bb price_font=\u00bb|700|||||||\u00bb price_font_size=\u00bb16px\u00bb custom_margin=\u00bb||-1px|||\u00bb global_colors_info=\u00bb{}\u00bb][\/et_pb_shop][et_pb_text _builder_version=\u00bb4.16&#8243; _module_preset=\u00bbdefault\u00bb text_font=\u00bb|700|||||||\u00bb text_font_size=\u00bb18px\u00bb custom_margin=\u00bb||-2px|||\u00bb custom_padding=\u00bb||11px|||\u00bb global_colors_info=\u00bb{}\u00bb]<\/p>\n<p><strong>Telas Navidad<\/strong><\/p>\n<p>[\/et_pb_text][et_pb_shop type=\u00bbproduct_category\u00bb show_pagination=\u00bbon\u00bb include_categories=\u00bb103&#8243; columns_number=\u00bb4&#8243; orderby=\u00bbdate\u00bb _builder_version=\u00bb4.21.0&#8243; _module_preset=\u00bbdefault\u00bb title_font=\u00bb|700|||||||\u00bb price_font=\u00bb|700|||||||\u00bb price_font_size=\u00bb16px\u00bb custom_margin=\u00bb-8px||-1px|||\u00bb global_colors_info=\u00bb{}\u00bb][\/et_pb_shop][et_pb_text _builder_version=\u00bb4.21.0&#8243; _module_preset=\u00bbdefault\u00bb text_font=\u00bb|700|||||||\u00bb text_font_size=\u00bb18px\u00bb custom_margin=\u00bb||-2px|||\u00bb custom_padding=\u00bb||11px|||\u00bb global_colors_info=\u00bb{}\u00bb]<\/p>\n<p><strong>Telas Country<\/strong><\/p>\n<p>[\/et_pb_text][et_pb_shop type=\u00bbproduct_category\u00bb show_pagination=\u00bbon\u00bb include_categories=\u00bb54&#8243; columns_number=\u00bb4&#8243; orderby=\u00bbdate\u00bb _builder_version=\u00bb4.21.0&#8243; _module_preset=\u00bbdefault\u00bb title_font=\u00bb|700|||||||\u00bb price_font=\u00bb|700|||||||\u00bb price_font_size=\u00bb16px\u00bb custom_margin=\u00bb-8px||-1px|||\u00bb global_colors_info=\u00bb{}\u00bb][\/et_pb_shop][et_pb_text _builder_version=\u00bb4.21.0&#8243; _module_preset=\u00bbdefault\u00bb text_font=\u00bb|700|||||||\u00bb text_font_size=\u00bb18px\u00bb custom_margin=\u00bb||-2px|||\u00bb custom_padding=\u00bb||11px|||\u00bb global_colors_info=\u00bb{}\u00bb]<\/p>\n<p><strong>Telas Japonesas<\/strong><\/p>\n<p>[\/et_pb_text][et_pb_shop type=\u00bbproduct_category\u00bb show_pagination=\u00bbon\u00bb include_categories=\u00bb55&#8243; columns_number=\u00bb4&#8243; orderby=\u00bbdate\u00bb _builder_version=\u00bb4.21.0&#8243; _module_preset=\u00bbdefault\u00bb title_font=\u00bb|700|||||||\u00bb price_font=\u00bb|700|||||||\u00bb price_font_size=\u00bb16px\u00bb custom_margin=\u00bb-8px||-1px|||\u00bb global_colors_info=\u00bb{}\u00bb][\/et_pb_shop][et_pb_divider show_divider=\u00bboff\u00bb _builder_version=\u00bb4.16&#8243; _module_preset=\u00bbdefault\u00bb global_colors_info=\u00bb{}\u00bb][\/et_pb_divider][\/et_pb_column][\/et_pb_row][\/et_pb_section]<\/p>\n","protected":false},"excerpt":{"rendered":"<p>TELASTelas Algod\u00f3nTelas Algod\u00f3n EstampadasTelas Algod\u00f3n LisasTelas Algod\u00f3n MarmoladasTelas NavidadTelas CountryTelas Japonesas<\/p>\n","protected":false},"author":1,"featured_media":0,"parent":0,"menu_order":0,"comment_status":"closed","ping_status":"closed","template":"","meta":{"_et_pb_use_builder":"on","_et_pb_old_content":"","_et_gb_content_width":"","_joinchat":{"view":"yes"},"footnotes":""},"class_list":["post-747","page","type-page","status-publish","hentry"],"yoast_head":"<!-- This site is optimized with the Yoast SEO plugin v23.6 - https:\/\/yoast.com\/wordpress\/plugins\/seo\/ -->\n<title>TELAS - Mercer\u00eda Esther<\/title>\n<meta name=\"robots\" content=\"index, follow, max-snippet:-1, max-image-preview:large, max-video-preview:-1\" \/>\n<link rel=\"canonical\" href=\"https:\/\/merceriaesther.com\/index.php\/telas\/\" \/>\n<meta property=\"og:locale\" content=\"es_ES\" \/>\n<meta property=\"og:type\" content=\"article\" \/>\n<meta property=\"og:title\" content=\"TELAS - Mercer\u00eda Esther\" \/>\n<meta property=\"og:description\" content=\"TELASTelas Algod\u00f3nTelas Algod\u00f3n EstampadasTelas Algod\u00f3n LisasTelas Algod\u00f3n MarmoladasTelas NavidadTelas CountryTelas Japonesas\" \/>\n<meta property=\"og:url\" content=\"https:\/\/merceriaesther.com\/index.php\/telas\/\" \/>\n<meta property=\"og:site_name\" content=\"Mercer\u00eda Esther\" \/>\n<meta property=\"article:publisher\" content=\"https:\/\/www.facebook.com\/Mercer%c3%ada-Esther-Mieres-1850156615301336\/\" \/>\n<meta property=\"article:modified_time\" content=\"2023-08-01T10:33:40+00:00\" \/>\n<meta property=\"og:image\" content=\"https:\/\/merceriaesther.com\/wp-content\/uploads\/2020\/11\/Favicon-merceria-esther-1.png\" \/>\n\t<meta property=\"og:image:width\" content=\"525\" \/>\n\t<meta property=\"og:image:height\" content=\"525\" \/>\n\t<meta property=\"og:image:type\" content=\"image\/png\" \/>\n<meta name=\"twitter:card\" content=\"summary_large_image\" \/>\n<meta name=\"twitter:label1\" content=\"Tiempo de lectura\" \/>\n\t<meta name=\"twitter:data1\" content=\"2 minutos\" \/>\n<script type=\"application\/ld+json\" class=\"yoast-schema-graph\">{\"@context\":\"https:\/\/schema.org\",\"@graph\":[{\"@type\":\"WebPage\",\"@id\":\"https:\/\/merceriaesther.com\/index.php\/telas\/\",\"url\":\"https:\/\/merceriaesther.com\/index.php\/telas\/\",\"name\":\"TELAS - Mercer\u00eda Esther\",\"isPartOf\":{\"@id\":\"https:\/\/merceriaesther.com\/#website\"},\"datePublished\":\"2020-11-19T17:51:07+00:00\",\"dateModified\":\"2023-08-01T10:33:40+00:00\",\"breadcrumb\":{\"@id\":\"https:\/\/merceriaesther.com\/index.php\/telas\/#breadcrumb\"},\"inLanguage\":\"es\",\"potentialAction\":[{\"@type\":\"ReadAction\",\"target\":[\"https:\/\/merceriaesther.com\/index.php\/telas\/\"]}]},{\"@type\":\"BreadcrumbList\",\"@id\":\"https:\/\/merceriaesther.com\/index.php\/telas\/#breadcrumb\",\"itemListElement\":[{\"@type\":\"ListItem\",\"position\":1,\"name\":\"Portada\",\"item\":\"https:\/\/merceriaesther.com\/\"},{\"@type\":\"ListItem\",\"position\":2,\"name\":\"TELAS\"}]},{\"@type\":\"WebSite\",\"@id\":\"https:\/\/merceriaesther.com\/#website\",\"url\":\"https:\/\/merceriaesther.com\/\",\"name\":\"Mercer\u00eda Esther\",\"description\":\"Art\u00edculos de mercer\u00eda y patchwork.\",\"potentialAction\":[{\"@type\":\"SearchAction\",\"target\":{\"@type\":\"EntryPoint\",\"urlTemplate\":\"https:\/\/merceriaesther.com\/?s={search_term_string}\"},\"query-input\":{\"@type\":\"PropertyValueSpecification\",\"valueRequired\":true,\"valueName\":\"search_term_string\"}}],\"inLanguage\":\"es\"}]}<\/script>\n<!-- \/ Yoast SEO plugin. -->","yoast_head_json":{"title":"TELAS - Mercer\u00eda Esther","robots":{"index":"index","follow":"follow","max-snippet":"max-snippet:-1","max-image-preview":"max-image-preview:large","max-video-preview":"max-video-preview:-1"},"canonical":"https:\/\/merceriaesther.com\/index.php\/telas\/","og_locale":"es_ES","og_type":"article","og_title":"TELAS - Mercer\u00eda Esther","og_description":"TELASTelas Algod\u00f3nTelas Algod\u00f3n EstampadasTelas Algod\u00f3n LisasTelas Algod\u00f3n MarmoladasTelas NavidadTelas CountryTelas Japonesas","og_url":"https:\/\/merceriaesther.com\/index.php\/telas\/","og_site_name":"Mercer\u00eda Esther","article_publisher":"https:\/\/www.facebook.com\/Mercer%c3%ada-Esther-Mieres-1850156615301336\/","article_modified_time":"2023-08-01T10:33:40+00:00","og_image":[{"width":525,"height":525,"url":"https:\/\/merceriaesther.com\/wp-content\/uploads\/2020\/11\/Favicon-merceria-esther-1.png","type":"image\/png"}],"twitter_card":"summary_large_image","twitter_misc":{"Tiempo de lectura":"2 minutos"},"schema":{"@context":"https:\/\/schema.org","@graph":[{"@type":"WebPage","@id":"https:\/\/merceriaesther.com\/index.php\/telas\/","url":"https:\/\/merceriaesther.com\/index.php\/telas\/","name":"TELAS - Mercer\u00eda Esther","isPartOf":{"@id":"https:\/\/merceriaesther.com\/#website"},"datePublished":"2020-11-19T17:51:07+00:00","dateModified":"2023-08-01T10:33:40+00:00","breadcrumb":{"@id":"https:\/\/merceriaesther.com\/index.php\/telas\/#breadcrumb"},"inLanguage":"es","potentialAction":[{"@type":"ReadAction","target":["https:\/\/merceriaesther.com\/index.php\/telas\/"]}]},{"@type":"BreadcrumbList","@id":"https:\/\/merceriaesther.com\/index.php\/telas\/#breadcrumb","itemListElement":[{"@type":"ListItem","position":1,"name":"Portada","item":"https:\/\/merceriaesther.com\/"},{"@type":"ListItem","position":2,"name":"TELAS"}]},{"@type":"WebSite","@id":"https:\/\/merceriaesther.com\/#website","url":"https:\/\/merceriaesther.com\/","name":"Mercer\u00eda Esther","description":"Art\u00edculos de mercer\u00eda y patchwork.","potentialAction":[{"@type":"SearchAction","target":{"@type":"EntryPoint","urlTemplate":"https:\/\/merceriaesther.com\/?s={search_term_string}"},"query-input":{"@type":"PropertyValueSpecification","valueRequired":true,"valueName":"search_term_string"}}],"inLanguage":"es"}]}},"_links":{"self":[{"href":"https:\/\/merceriaesther.com\/index.php\/wp-json\/wp\/v2\/pages\/747"}],"collection":[{"href":"https:\/\/merceriaesther.com\/index.php\/wp-json\/wp\/v2\/pages"}],"about":[{"href":"https:\/\/merceriaesther.com\/index.php\/wp-json\/wp\/v2\/types\/page"}],"author":[{"embeddable":true,"href":"https:\/\/merceriaesther.com\/index.php\/wp-json\/wp\/v2\/users\/1"}],"replies":[{"embeddable":true,"href":"https:\/\/merceriaesther.com\/index.php\/wp-json\/wp\/v2\/comments?post=747"}],"version-history":[{"count":22,"href":"https:\/\/merceriaesther.com\/index.php\/wp-json\/wp\/v2\/pages\/747\/revisions"}],"predecessor-version":[{"id":6073,"href":"https:\/\/merceriaesther.com\/index.php\/wp-json\/wp\/v2\/pages\/747\/revisions\/6073"}],"wp:attachment":[{"href":"https:\/\/merceriaesther.com\/index.php\/wp-json\/wp\/v2\/media?parent=747"}],"curies":[{"name":"wp","href":"https:\/\/api.w.org\/{rel}","templated":true}]}}